{"id":2766,"date":"2021-11-19T07:31:49","date_gmt":"2021-11-19T07:31:49","guid":{"rendered":"https:\/\/betatechco.com\/?page_id=2766"},"modified":"2021-11-20T08:25:21","modified_gmt":"2021-11-20T08:25:21","slug":"introduce","status":"publish","type":"page","link":"https:\/\/betatechco.com\/en\/introduce\/","title":{"rendered":"Introduce"},"content":{"rendered":"<p>[vc_row css=&#8221;.vc_custom_1629347193075{padding-top: 3vw !important;padding-bottom: 2vw !important;}&#8221;][vc_column width=&#8221;1\/2&#8243;]    <div class=\"south-title text-left\">\n        <h3 class=\"title\">ABOUT <span>BETA TECHNOLOGY<\/span><\/h3>\n\t\t    <\/div>\n<div class=\"wt-separator-outer \">\n                                    <div class=\"wt-separator style-square\">\n                                        <span class=\"separator-left bg-primary\"><\/span>\n                                        <span class=\"separator-right bg-primary\"><\/span>\n                                    <\/div>\n                                <\/div>\n[vc_column_text el_class=&#8221;text-justify&#8221;]Established in 2015, BETA TECHNOLOGY Co., Ltd (Tax code: 0313440094) is now proud to be one of the leading units in Vietnam specializing in supplying the domestic market with analytical laboratory instruments for the oil and gas industries, materials, food, environment, feed&#8230;<\/p>\n<p>With an experienced engineering team and supportive experts from reputable suppliers, we always strive to bring exclusive products, perfect value service to customers.[\/vc_column_text][\/vc_column][vc_column width=&#8221;1\/2&#8243;][vc_single_image image=&#8221;210&#8243; img_size=&#8221;full&#8221; alignment=&#8221;center&#8221;][\/vc_column][\/vc_row][vc_row full_width=&#8221;stretch_row&#8221; css=&#8221;.vc_custom_1629356762832{background-color: #f9f9f9 !important;}&#8221; el_class=&#8221;hidden-dots&#8221;][vc_column][vc_empty_space height=&#8221;3vw&#8221;][vc_custom_heading text=&#8221;EXCLUSIVE DISTRIBUTOR&#8221; use_theme_fonts=&#8221;yes&#8221; el_class=&#8221;text-uppercase text-primary mb-0 text-oswald text-center&#8221;]<div class=\"wt-separator-outer text-center\">\n                                    <div class=\"wt-separator style-square\">\n                                        <span class=\"separator-left bg-primary\"><\/span>\n                                        <span class=\"separator-right bg-primary\"><\/span>\n                                    <\/div>\n                                <\/div>\n\t<div class=\"brand-collection\">\n\t\t<div class=\"mx-sm-n2\">\n\t<div class=\"owl-carousel owl-theme style-carousel-4\">\n\t\t\t <div class=\"px-2 py-3\">\n\t<div class=\"brand--item\">\n\t\t<div class=\"brand-item-inner\">\n\t\t\t<a href=\"https:\/\/betatechco.com\/en\/thuong-hieu\/yasuda-en\/\">\n\t\t<div class=\"brand-thumb\">\n\t<img src=\"https:\/\/betatechco.com\/wp-content\/uploads\/2024\/07\/footer_logo.png\"\/>\n\t\t<\/div>\n\t\t\t<\/a>\n\t\t\t<div class=\"brand-content\">\n\t\t\t\t<h4 class=\"title\"><a href=\"https:\/\/betatechco.com\/en\/thuong-hieu\/yasuda-en\/\">YASUDA<\/a><\/h4>\n\t\t\t\t<div class=\"desc\">YASUDA SEIKI SEISAKUSHO, LTD. is the manufacturer the best material testing machines, which guarantee the products\u2019 quality with tested records and solve...<\/div>\n\t\t\t<\/div>\n\t\t <\/div>\t\n\t<\/div>\n\t<\/div>\n   \t <div class=\"px-2 py-3\">\n\t<div class=\"brand--item\">\n\t\t<div class=\"brand-item-inner\">\n\t\t\t<a href=\"https:\/\/betatechco.com\/en\/thuong-hieu\/ad-systems-en\/\">\n\t\t<div class=\"brand-thumb\">\n\t<img src=\"https:\/\/betatechco.com\/wp-content\/uploads\/2021\/11\/AD-SYSTEMS-min.webp\"\/>\n\t\t<\/div>\n\t\t\t<\/a>\n\t\t\t<div class=\"brand-content\">\n\t\t\t\t<h4 class=\"title\"><a href=\"https:\/\/betatechco.com\/en\/thuong-hieu\/ad-systems-en\/\">AD SYSTEMS<\/a><\/h4>\n\t\t\t\t<div class=\"desc\"><\/div>\n\t\t\t<\/div>\n\t\t <\/div>\t\n\t<\/div>\n\t<\/div>\n   \t <div class=\"px-2 py-3\">\n\t<div class=\"brand--item\">\n\t\t<div class=\"brand-item-inner\">\n\t\t\t<a href=\"https:\/\/betatechco.com\/en\/thuong-hieu\/da-vinci-ls-en\/\">\n\t\t<div class=\"brand-thumb\">\n\t<img src=\"https:\/\/betatechco.com\/wp-content\/uploads\/2021\/11\/Da-Vinci-e1636701331643.webp\"\/>\n\t\t<\/div>\n\t\t\t<\/a>\n\t\t\t<div class=\"brand-content\">\n\t\t\t\t<h4 class=\"title\"><a href=\"https:\/\/betatechco.com\/en\/thuong-hieu\/da-vinci-ls-en\/\">DA VINCI LS<\/a><\/h4>\n\t\t\t\t<div class=\"desc\"><\/div>\n\t\t\t<\/div>\n\t\t <\/div>\t\n\t<\/div>\n\t<\/div>\n   \t <div class=\"px-2 py-3\">\n\t<div class=\"brand--item\">\n\t\t<div class=\"brand-item-inner\">\n\t\t\t<a href=\"https:\/\/betatechco.com\/en\/thuong-hieu\/rofa-en\/\">\n\t\t<div class=\"brand-thumb\">\n\t<img src=\"https:\/\/betatechco.com\/wp-content\/uploads\/2021\/11\/rofa-min.webp\"\/>\n\t\t<\/div>\n\t\t\t<\/a>\n\t\t\t<div class=\"brand-content\">\n\t\t\t\t<h4 class=\"title\"><a href=\"https:\/\/betatechco.com\/en\/thuong-hieu\/rofa-en\/\">ROFA<\/a><\/h4>\n\t\t\t\t<div class=\"desc\"><\/div>\n\t\t\t<\/div>\n\t\t <\/div>\t\n\t<\/div>\n\t<\/div>\n   \t <div class=\"px-2 py-3\">\n\t<div class=\"brand--item\">\n\t\t<div class=\"brand-item-inner\">\n\t\t\t<a href=\"https:\/\/betatechco.com\/en\/thuong-hieu\/stanco\/\">\n\t\t<div class=\"brand-thumb\">\n\t<img src=\"https:\/\/betatechco.com\/wp-content\/uploads\/2021\/11\/STANCO-min.webp\"\/>\n\t\t<\/div>\n\t\t\t<\/a>\n\t\t\t<div class=\"brand-content\">\n\t\t\t\t<h4 class=\"title\"><a href=\"https:\/\/betatechco.com\/en\/thuong-hieu\/stanco\/\">STANCO<\/a><\/h4>\n\t\t\t\t<div class=\"desc\"><\/div>\n\t\t\t<\/div>\n\t\t <\/div>\t\n\t<\/div>\n\t<\/div>\n   \t <div class=\"px-2 py-3\">\n\t<div class=\"brand--item\">\n\t\t<div class=\"brand-item-inner\">\n\t\t\t<a href=\"https:\/\/betatechco.com\/en\/thuong-hieu\/dickey-john-en\/\">\n\t\t<div class=\"brand-thumb\">\n\t<img src=\"https:\/\/betatechco.com\/wp-content\/uploads\/2021\/11\/DICKEY-JOHN-min.webp\"\/>\n\t\t<\/div>\n\t\t\t<\/a>\n\t\t\t<div class=\"brand-content\">\n\t\t\t\t<h4 class=\"title\"><a href=\"https:\/\/betatechco.com\/en\/thuong-hieu\/dickey-john-en\/\">DICKEY-JOHN<\/a><\/h4>\n\t\t\t\t<div class=\"desc\"><\/div>\n\t\t\t<\/div>\n\t\t <\/div>\t\n\t<\/div>\n\t<\/div>\n   \t <div class=\"px-2 py-3\">\n\t<div class=\"brand--item\">\n\t\t<div class=\"brand-item-inner\">\n\t\t\t<a href=\"https:\/\/betatechco.com\/en\/thuong-hieu\/zeutec-en\/\">\n\t\t<div class=\"brand-thumb\">\n\t<img src=\"https:\/\/betatechco.com\/wp-content\/uploads\/2021\/11\/ZEUTEC-min.webp\"\/>\n\t\t<\/div>\n\t\t\t<\/a>\n\t\t\t<div class=\"brand-content\">\n\t\t\t\t<h4 class=\"title\"><a href=\"https:\/\/betatechco.com\/en\/thuong-hieu\/zeutec-en\/\">ZEUTEC<\/a><\/h4>\n\t\t\t\t<div class=\"desc\"><\/div>\n\t\t\t<\/div>\n\t\t <\/div>\t\n\t<\/div>\n\t<\/div>\n   \t <div class=\"px-2 py-3\">\n\t<div class=\"brand--item\">\n\t\t<div class=\"brand-item-inner\">\n\t\t\t<a href=\"https:\/\/betatechco.com\/en\/thuong-hieu\/dinamica-generale-en\/\">\n\t\t<div class=\"brand-thumb\">\n\t<img src=\"https:\/\/betatechco.com\/wp-content\/uploads\/2021\/11\/DINAMICA-GENERALE-min.webp\"\/>\n\t\t<\/div>\n\t\t\t<\/a>\n\t\t\t<div class=\"brand-content\">\n\t\t\t\t<h4 class=\"title\"><a href=\"https:\/\/betatechco.com\/en\/thuong-hieu\/dinamica-generale-en\/\">DINAMICA GENERALE<\/a><\/h4>\n\t\t\t\t<div class=\"desc\"><\/div>\n\t\t\t<\/div>\n\t\t <\/div>\t\n\t<\/div>\n\t<\/div>\n   \t <div class=\"px-2 py-3\">\n\t<div class=\"brand--item\">\n\t\t<div class=\"brand-item-inner\">\n\t\t\t<a href=\"https:\/\/betatechco.com\/en\/thuong-hieu\/concept-equipments-en\/\">\n\t\t<div class=\"brand-thumb\">\n\t<img src=\"https:\/\/betatechco.com\/wp-content\/uploads\/2021\/11\/logo-concept-original-jpg-min.webp\"\/>\n\t\t<\/div>\n\t\t\t<\/a>\n\t\t\t<div class=\"brand-content\">\n\t\t\t\t<h4 class=\"title\"><a href=\"https:\/\/betatechco.com\/en\/thuong-hieu\/concept-equipments-en\/\">CONCEPT EQUIPMENTS<\/a><\/h4>\n\t\t\t\t<div class=\"desc\"><\/div>\n\t\t\t<\/div>\n\t\t <\/div>\t\n\t<\/div>\n\t<\/div>\n   \t <div class=\"px-2 py-3\">\n\t<div class=\"brand--item\">\n\t\t<div class=\"brand-item-inner\">\n\t\t\t<a href=\"https:\/\/betatechco.com\/en\/thuong-hieu\/eurotech-en\/\">\n\t\t<div class=\"brand-thumb\">\n\t<img src=\"https:\/\/betatechco.com\/wp-content\/uploads\/2021\/11\/logo-lpg.png-min.webp\"\/>\n\t\t<\/div>\n\t\t\t<\/a>\n\t\t\t<div class=\"brand-content\">\n\t\t\t\t<h4 class=\"title\"><a href=\"https:\/\/betatechco.com\/en\/thuong-hieu\/eurotech-en\/\">EUROTECH<\/a><\/h4>\n\t\t\t\t<div class=\"desc\"><\/div>\n\t\t\t<\/div>\n\t\t <\/div>\t\n\t<\/div>\n\t<\/div>\n   \t <div class=\"px-2 py-3\">\n\t<div class=\"brand--item\">\n\t\t<div class=\"brand-item-inner\">\n\t\t\t<a href=\"https:\/\/betatechco.com\/en\/thuong-hieu\/rx-solution-en\/\">\n\t\t<div class=\"brand-thumb\">\n\t<img src=\"https:\/\/betatechco.com\/wp-content\/uploads\/2021\/11\/logo-RX-jpg-min.webp\"\/>\n\t\t<\/div>\n\t\t\t<\/a>\n\t\t\t<div class=\"brand-content\">\n\t\t\t\t<h4 class=\"title\"><a href=\"https:\/\/betatechco.com\/en\/thuong-hieu\/rx-solution-en\/\">RX SOLUTION<\/a><\/h4>\n\t\t\t\t<div class=\"desc\"><\/div>\n\t\t\t<\/div>\n\t\t <\/div>\t\n\t<\/div>\n\t<\/div>\n   \t <div class=\"px-2 py-3\">\n\t<div class=\"brand--item\">\n\t\t<div class=\"brand-item-inner\">\n\t\t\t<a href=\"https:\/\/betatechco.com\/en\/thuong-hieu\/salt-korea-en\/\">\n\t\t<div class=\"brand-thumb\">\n\t<img src=\"https:\/\/betatechco.com\/wp-content\/uploads\/2021\/11\/logo-jpg-min.webp\"\/>\n\t\t<\/div>\n\t\t\t<\/a>\n\t\t\t<div class=\"brand-content\">\n\t\t\t\t<h4 class=\"title\"><a href=\"https:\/\/betatechco.com\/en\/thuong-hieu\/salt-korea-en\/\">SALT KOREA<\/a><\/h4>\n\t\t\t\t<div class=\"desc\"><\/div>\n\t\t\t<\/div>\n\t\t <\/div>\t\n\t<\/div>\n\t<\/div>\n   \t <div class=\"px-2 py-3\">\n\t<div class=\"brand--item\">\n\t\t<div class=\"brand-item-inner\">\n\t\t\t<a href=\"https:\/\/betatechco.com\/en\/thuong-hieu\/sciteq-en\/\">\n\t\t<div class=\"brand-thumb\">\n\t<img src=\"https:\/\/betatechco.com\/wp-content\/uploads\/2021\/11\/SCITEQ-min.webp\"\/>\n\t\t<\/div>\n\t\t\t<\/a>\n\t\t\t<div class=\"brand-content\">\n\t\t\t\t<h4 class=\"title\"><a href=\"https:\/\/betatechco.com\/en\/thuong-hieu\/sciteq-en\/\">SCITEQ<\/a><\/h4>\n\t\t\t\t<div class=\"desc\"><\/div>\n\t\t\t<\/div>\n\t\t <\/div>\t\n\t<\/div>\n\t<\/div>\n   \t<\/div> \n\t\t\t<\/div> \n    <\/div>\t\n[vc_empty_space height=&#8221;3vw&#8221;][\/vc_column][\/vc_row]<\/p>\n","protected":false},"excerpt":{"rendered":"<p>[vc_row css=&#8221;.vc_custom_1629347193075{padding-top: 3vw !important;padding-bottom: 2vw !important;}&#8221;][vc_column width=&#8221;1\/2&#8243;][vc_column_text el_class=&#8221;text-justify&#8221;]Established in 2015, BETA TECHNOLOGY Co., Ltd (Tax code: 0313440094) is now proud to be one of the leading units in Vietnam specializing in supplying the domestic market with analytical laboratory instruments for the oil and gas industries, materials, food, environment, feed&#8230; With an experienced engineering team and<\/p>\n","protected":false},"author":1,"featured_media":0,"parent":0,"menu_order":13,"comment_status":"closed","ping_status":"closed","template":"page-templates\/fullwidthpage.php","meta":[],"yoast_head":"<!-- This site is optimized with the Yoast SEO plugin v17.4 - https:\/\/yoast.com\/wordpress\/plugins\/seo\/ -->\n<title>Introduce - Beta Technology<\/title>\n<meta name=\"robots\" content=\"index, follow, max-snippet:-1, max-image-preview:large, max-video-preview:-1\" \/>\n<link rel=\"canonical\" href=\"https:\/\/betatechco.com\/en\/introduce\/?lang=en\" \/>\n<meta property=\"og:locale\" content=\"en_US\" \/>\n<meta property=\"og:type\" content=\"article\" \/>\n<meta property=\"og:title\" content=\"Introduce - Beta Technology\" \/>\n<meta property=\"og:description\" content=\"[vc_row css=&#8221;.vc_custom_1629347193075{padding-top: 3vw !important;padding-bottom: 2vw !important;}&#8221;][vc_column width=&#8221;1\/2&#8243;][vc_column_text el_class=&#8221;text-justify&#8221;]Established in 2015, BETA TECHNOLOGY Co., Ltd (Tax code: 0313440094) is now proud to be one of the leading units in Vietnam specializing in supplying the domestic market with analytical laboratory instruments for the oil and gas industries, materials, food, environment, feed&#8230; With an experienced engineering team and\" \/>\n<meta property=\"og:url\" content=\"https:\/\/betatechco.com\/introduce\/?lang=en\" \/>\n<meta property=\"og:site_name\" content=\"Beta Technology\" \/>\n<meta property=\"article:modified_time\" content=\"2021-11-20T08:25:21+00:00\" \/>\n<meta name=\"twitter:card\" content=\"summary_large_image\" \/>\n<meta name=\"twitter:label1\" content=\"Est. reading time\" \/>\n\t<meta name=\"twitter:data1\" content=\"1 minute\" \/>\n<script type=\"application\/ld+json\" class=\"yoast-schema-graph\">{\"@context\":\"https:\/\/schema.org\",\"@graph\":[{\"@type\":\"WebSite\",\"@id\":\"https:\/\/betatechco.com\/#website\",\"url\":\"https:\/\/betatechco.com\/\",\"name\":\"Beta Technology\",\"description\":\"Chuy\\u00ean cung c\\u1ea5p c\\u00e1c thi\\u1ebft b\\u1ecb ph\\u00e2n t\\u00edch th\\u00ed nghi\\u1ec7m\",\"potentialAction\":[{\"@type\":\"SearchAction\",\"target\":{\"@type\":\"EntryPoint\",\"urlTemplate\":\"https:\/\/betatechco.com\/?s={search_term_string}\"},\"query-input\":\"required name=search_term_string\"}],\"inLanguage\":\"en-US\"},{\"@type\":\"WebPage\",\"@id\":\"https:\/\/betatechco.com\/introduce\/?lang=en#webpage\",\"url\":\"https:\/\/betatechco.com\/introduce\/?lang=en\",\"name\":\"Introduce - Beta Technology\",\"isPartOf\":{\"@id\":\"https:\/\/betatechco.com\/#website\"},\"datePublished\":\"2021-11-19T07:31:49+00:00\",\"dateModified\":\"2021-11-20T08:25:21+00:00\",\"breadcrumb\":{\"@id\":\"https:\/\/betatechco.com\/introduce\/?lang=en#breadcrumb\"},\"inLanguage\":\"en-US\",\"potentialAction\":[{\"@type\":\"ReadAction\",\"target\":[\"https:\/\/betatechco.com\/introduce\/?lang=en\"]}]},{\"@type\":\"BreadcrumbList\",\"@id\":\"https:\/\/betatechco.com\/introduce\/?lang=en#breadcrumb\",\"itemListElement\":[{\"@type\":\"ListItem\",\"position\":1,\"name\":\"Home\",\"item\":\"https:\/\/betatechco.com\/en\/\"},{\"@type\":\"ListItem\",\"position\":2,\"name\":\"Introduce\"}]}]}<\/script>\n<!-- \/ Yoast SEO plugin. -->","yoast_head_json":{"title":"Introduce - Beta Technology","robots":{"index":"index","follow":"follow","max-snippet":"max-snippet:-1","max-image-preview":"max-image-preview:large","max-video-preview":"max-video-preview:-1"},"canonical":"https:\/\/betatechco.com\/en\/introduce\/?lang=en","og_locale":"en_US","og_type":"article","og_title":"Introduce - Beta Technology","og_description":"[vc_row css=&#8221;.vc_custom_1629347193075{padding-top: 3vw !important;padding-bottom: 2vw !important;}&#8221;][vc_column width=&#8221;1\/2&#8243;][vc_column_text el_class=&#8221;text-justify&#8221;]Established in 2015, BETA TECHNOLOGY Co., Ltd (Tax code: 0313440094) is now proud to be one of the leading units in Vietnam specializing in supplying the domestic market with analytical laboratory instruments for the oil and gas industries, materials, food, environment, feed&#8230; With an experienced engineering team and","og_url":"https:\/\/betatechco.com\/introduce\/?lang=en","og_site_name":"Beta Technology","article_modified_time":"2021-11-20T08:25:21+00:00","twitter_card":"summary_large_image","twitter_misc":{"Est. reading time":"1 minute"},"schema":{"@context":"https:\/\/schema.org","@graph":[{"@type":"WebSite","@id":"https:\/\/betatechco.com\/#website","url":"https:\/\/betatechco.com\/","name":"Beta Technology","description":"Chuy\u00ean cung c\u1ea5p c\u00e1c thi\u1ebft b\u1ecb ph\u00e2n t\u00edch th\u00ed nghi\u1ec7m","potentialAction":[{"@type":"SearchAction","target":{"@type":"EntryPoint","urlTemplate":"https:\/\/betatechco.com\/?s={search_term_string}"},"query-input":"required name=search_term_string"}],"inLanguage":"en-US"},{"@type":"WebPage","@id":"https:\/\/betatechco.com\/introduce\/?lang=en#webpage","url":"https:\/\/betatechco.com\/introduce\/?lang=en","name":"Introduce - Beta Technology","isPartOf":{"@id":"https:\/\/betatechco.com\/#website"},"datePublished":"2021-11-19T07:31:49+00:00","dateModified":"2021-11-20T08:25:21+00:00","breadcrumb":{"@id":"https:\/\/betatechco.com\/introduce\/?lang=en#breadcrumb"},"inLanguage":"en-US","potentialAction":[{"@type":"ReadAction","target":["https:\/\/betatechco.com\/introduce\/?lang=en"]}]},{"@type":"BreadcrumbList","@id":"https:\/\/betatechco.com\/introduce\/?lang=en#breadcrumb","itemListElement":[{"@type":"ListItem","position":1,"name":"Home","item":"https:\/\/betatechco.com\/en\/"},{"@type":"ListItem","position":2,"name":"Introduce"}]}]}},"_links":{"self":[{"href":"https:\/\/betatechco.com\/en\/wp-json\/wp\/v2\/pages\/2766"}],"collection":[{"href":"https:\/\/betatechco.com\/en\/wp-json\/wp\/v2\/pages"}],"about":[{"href":"https:\/\/betatechco.com\/en\/wp-json\/wp\/v2\/types\/page"}],"author":[{"embeddable":true,"href":"https:\/\/betatechco.com\/en\/wp-json\/wp\/v2\/users\/1"}],"replies":[{"embeddable":true,"href":"https:\/\/betatechco.com\/en\/wp-json\/wp\/v2\/comments?post=2766"}],"version-history":[{"count":3,"href":"https:\/\/betatechco.com\/en\/wp-json\/wp\/v2\/pages\/2766\/revisions"}],"predecessor-version":[{"id":2902,"href":"https:\/\/betatechco.com\/en\/wp-json\/wp\/v2\/pages\/2766\/revisions\/2902"}],"wp:attachment":[{"href":"https:\/\/betatechco.com\/en\/wp-json\/wp\/v2\/media?parent=2766"}],"curies":[{"name":"wp","href":"https:\/\/api.w.org\/{rel}","templated":true}]}}