{"id":2770,"date":"2021-11-19T07:38:31","date_gmt":"2021-11-19T07:38:31","guid":{"rendered":"https:\/\/betatechco.com\/?page_id=2770"},"modified":"2021-11-19T07:38:31","modified_gmt":"2021-11-19T07:38:31","slug":"products","status":"publish","type":"page","link":"https:\/\/betatechco.com\/en\/products\/","title":{"rendered":"Products"},"content":{"rendered":"","protected":false},"excerpt":{"rendered":"","protected":false},"author":1,"featured_media":0,"parent":0,"menu_order":27,"comment_status":"closed","ping_status":"closed","template":"page-templates\/fullwidthpage.php","meta":[],"yoast_head":"<!-- This site is optimized with the Yoast SEO plugin v17.4 - https:\/\/yoast.com\/wordpress\/plugins\/seo\/ -->\n<title>Products - Beta Technology<\/title>\n<meta name=\"robots\" content=\"index, follow, max-snippet:-1, max-image-preview:large, max-video-preview:-1\" \/>\n<link rel=\"canonical\" href=\"https:\/\/betatechco.com\/en\/products\/?lang=en\" \/>\n<meta property=\"og:locale\" content=\"en_US\" \/>\n<meta property=\"og:type\" content=\"article\" \/>\n<meta property=\"og:title\" content=\"Products - Beta Technology\" \/>\n<meta property=\"og:url\" content=\"https:\/\/betatechco.com\/products\/?lang=en\" \/>\n<meta property=\"og:site_name\" content=\"Beta Technology\" \/>\n<meta name=\"twitter:card\" content=\"summary_large_image\" \/>\n<script type=\"application\/ld+json\" class=\"yoast-schema-graph\">{\"@context\":\"https:\/\/schema.org\",\"@graph\":[{\"@type\":\"WebSite\",\"@id\":\"https:\/\/betatechco.com\/#website\",\"url\":\"https:\/\/betatechco.com\/\",\"name\":\"Beta Technology\",\"description\":\"Chuy\\u00ean cung c\\u1ea5p c\\u00e1c thi\\u1ebft b\\u1ecb ph\\u00e2n t\\u00edch th\\u00ed nghi\\u1ec7m\",\"potentialAction\":[{\"@type\":\"SearchAction\",\"target\":{\"@type\":\"EntryPoint\",\"urlTemplate\":\"https:\/\/betatechco.com\/?s={search_term_string}\"},\"query-input\":\"required name=search_term_string\"}],\"inLanguage\":\"en-US\"},{\"@type\":\"WebPage\",\"@id\":\"https:\/\/betatechco.com\/products\/?lang=en#webpage\",\"url\":\"https:\/\/betatechco.com\/products\/?lang=en\",\"name\":\"Products - Beta Technology\",\"isPartOf\":{\"@id\":\"https:\/\/betatechco.com\/#website\"},\"datePublished\":\"2021-11-19T07:38:31+00:00\",\"dateModified\":\"2021-11-19T07:38:31+00:00\",\"breadcrumb\":{\"@id\":\"https:\/\/betatechco.com\/products\/?lang=en#breadcrumb\"},\"inLanguage\":\"en-US\",\"potentialAction\":[{\"@type\":\"ReadAction\",\"target\":[\"https:\/\/betatechco.com\/products\/?lang=en\"]}]},{\"@type\":\"BreadcrumbList\",\"@id\":\"https:\/\/betatechco.com\/products\/?lang=en#breadcrumb\",\"itemListElement\":[{\"@type\":\"ListItem\",\"position\":1,\"name\":\"Home\",\"item\":\"https:\/\/betatechco.com\/en\/\"},{\"@type\":\"ListItem\",\"position\":2,\"name\":\"Products\"}]}]}<\/script>\n<!-- \/ Yoast SEO plugin. -->","yoast_head_json":{"title":"Products - Beta Technology","robots":{"index":"index","follow":"follow","max-snippet":"max-snippet:-1","max-image-preview":"max-image-preview:large","max-video-preview":"max-video-preview:-1"},"canonical":"https:\/\/betatechco.com\/en\/products\/?lang=en","og_locale":"en_US","og_type":"article","og_title":"Products - Beta Technology","og_url":"https:\/\/betatechco.com\/products\/?lang=en","og_site_name":"Beta Technology","twitter_card":"summary_large_image","schema":{"@context":"https:\/\/schema.org","@graph":[{"@type":"WebSite","@id":"https:\/\/betatechco.com\/#website","url":"https:\/\/betatechco.com\/","name":"Beta Technology","description":"Chuy\u00ean cung c\u1ea5p c\u00e1c thi\u1ebft b\u1ecb ph\u00e2n t\u00edch th\u00ed nghi\u1ec7m","potentialAction":[{"@type":"SearchAction","target":{"@type":"EntryPoint","urlTemplate":"https:\/\/betatechco.com\/?s={search_term_string}"},"query-input":"required name=search_term_string"}],"inLanguage":"en-US"},{"@type":"WebPage","@id":"https:\/\/betatechco.com\/products\/?lang=en#webpage","url":"https:\/\/betatechco.com\/products\/?lang=en","name":"Products - Beta Technology","isPartOf":{"@id":"https:\/\/betatechco.com\/#website"},"datePublished":"2021-11-19T07:38:31+00:00","dateModified":"2021-11-19T07:38:31+00:00","breadcrumb":{"@id":"https:\/\/betatechco.com\/products\/?lang=en#breadcrumb"},"inLanguage":"en-US","potentialAction":[{"@type":"ReadAction","target":["https:\/\/betatechco.com\/products\/?lang=en"]}]},{"@type":"BreadcrumbList","@id":"https:\/\/betatechco.com\/products\/?lang=en#breadcrumb","itemListElement":[{"@type":"ListItem","position":1,"name":"Home","item":"https:\/\/betatechco.com\/en\/"},{"@type":"ListItem","position":2,"name":"Products"}]}]}},"_links":{"self":[{"href":"https:\/\/betatechco.com\/en\/wp-json\/wp\/v2\/pages\/2770"}],"collection":[{"href":"https:\/\/betatechco.com\/en\/wp-json\/wp\/v2\/pages"}],"about":[{"href":"https:\/\/betatechco.com\/en\/wp-json\/wp\/v2\/types\/page"}],"author":[{"embeddable":true,"href":"https:\/\/betatechco.com\/en\/wp-json\/wp\/v2\/users\/1"}],"replies":[{"embeddable":true,"href":"https:\/\/betatechco.com\/en\/wp-json\/wp\/v2\/comments?post=2770"}],"version-history":[{"count":1,"href":"https:\/\/betatechco.com\/en\/wp-json\/wp\/v2\/pages\/2770\/revisions"}],"predecessor-version":[{"id":2771,"href":"https:\/\/betatechco.com\/en\/wp-json\/wp\/v2\/pages\/2770\/revisions\/2771"}],"wp:attachment":[{"href":"https:\/\/betatechco.com\/en\/wp-json\/wp\/v2\/media?parent=2770"}],"curies":[{"name":"wp","href":"https:\/\/api.w.org\/{rel}","templated":true}]}}