{"id":2784,"date":"2021-11-19T08:07:40","date_gmt":"2021-11-19T08:07:40","guid":{"rendered":"https:\/\/betatechco.com\/?page_id=2784"},"modified":"2021-11-19T08:07:40","modified_gmt":"2021-11-19T08:07:40","slug":"privacy-policy","status":"publish","type":"page","link":"https:\/\/betatechco.com\/en\/privacy-policy\/","title":{"rendered":"Privacy Policy"},"content":{"rendered":"\r\n<p>C\u00f4ng ty TNHH\u00a0<strong>BETA TECHNOLOGY<\/strong>\u00a0ch\u00fang t\u00f4i t\u00f4n tr\u1ecdng v\u00e0 cam k\u1ebft s\u1ebd b\u1ea3o m\u1eadt nh\u1eefng th\u00f4ng tin mang t\u00ednh ri\u00eang t\u01b0 c\u1ee7a b\u1ea1n. Xin vui l\u00f2ng \u0111\u1ecdc b\u1ea3n Ch\u00ednh s\u00e1ch b\u1ea3o v\u1ec7 th\u00f4ng tin c\u00e1 nh\u00e2n c\u1ee7a ng\u01b0\u1eddi ti\u00eau d\u00f9ng d\u01b0\u1edbi \u0111\u00e2y \u0111\u1ec3 hi\u1ec3u h\u01a1n nh\u1eefng cam k\u1ebft m\u00e0 ch\u00fang t\u00f4i th\u1ef1c hi\u1ec7n nh\u1eb1m t\u00f4n tr\u1ecdng v\u00e0 b\u1ea3o v\u1ec7 quy\u1ec1n l\u1ee3i c\u1ee7a ng\u01b0\u1eddi truy c\u1eadp.<\/p>\r\n<h2 style=\"text-align: center;\"><span style=\"color: #0000ff;\"><strong>CH\u00cdNH S\u00c1CH B\u1ea2O V\u1ec6 TH\u00d4NG TIN C\u00c1 NH\u00c2N<br \/>C\u1ee6A NG\u01af\u1edcI TI\u00caU D\u00d9NG<\/strong><\/span><\/h2>\r\n<p>Ng\u01b0\u1eddi Ti\u00eau D\u00f9ng ho\u1eb7c Kh\u00e1ch h\u00e0ng s\u1ebd \u0111\u01b0\u1ee3c g\u1ee3i \u00fd \u0111i\u1ec1n c\u00e1c th\u00f4ng tin theo c\u00e1c tr\u01b0\u1eddng th\u00f4ng tin theo m\u1eabu c\u00f3 s\u1eb5n tr\u00ean website\u00a0<strong>thietbihoanghiem.com<\/strong>\u00a0nh\u01b0:<\/p>\r\n<p>&#8211; H\u1ecd v\u00e0 t\u00ean<\/p>\r\n<p>&#8211; \u0110\u1ecba ch\u1ec9 email (c\u00f4ng ty ho\u1eb7c c\u00e1 nh\u00e2n)<\/p>\r\n<p>&#8211; Ti\u00eau \u0111\u1ec1<\/p>\r\n<p>&#8211; S\u00f4\u0301 \u0111i\u00ea\u0323n tho\u1ea1i (di \u0111\u00f4\u0323ng, nh\u00e0 ri\u00eang ho\u1eb7c v\u0103n ph\u00f2ng)<\/p>\r\n<p>C\u00e1c th\u00f4ng tin n\u00e0y \u0111\u01b0\u1ee3c y\u00eau c\u00e2\u0300u \u0111\u00ea\u0309 BETA c\u00f3 th\u1ec3 h\u1ed7 tr\u1ee3 t\u1ed1t nh\u1ea5t cho Kh\u00e1ch h\u00e0ng.<\/p>\r\n<h3><span style=\"font-size: 16pt; color: #008000;\"><strong>1. M\u1ee4C \u0110\u00cdCH THU TH\u1eacP TH\u00d4NG TIN C\u00c1 NH\u00c2N C\u1ee6A NG\u01af\u1edcI TI\u00caU D\u00d9NG<\/strong><\/span><\/h3>\r\n<p>&#8211; Ch\u00fang t\u00f4i thu th\u1eadp, l\u01b0u tr\u1eef v\u00e0 x\u1eed l\u00fd th\u00f4ng tin c\u1ee7a KH cho qu\u00e1 tr\u00ecnh mua h\u00e0ng v\u00e0 cho nh\u1eefng th\u00f4ng b\u00e1o sau n\u00e0y li\u00ean quan \u0111\u1ebfn \u0111\u01a1n h\u00e0ng, v\u00e0 \u0111\u1ec3 cung c\u1ea5p d\u1ecbch v\u1ee5, bao g\u1ed3m m\u1ed9t s\u1ed1 th\u00f4ng tin c\u00e1 nh\u00e2n: t\u00ean, email, \u0111\u1ecba ch\u1ec9, \u0111\u1ecba ch\u1ec9 giao h\u00e0ng, s\u1ed1 \u0111i\u1ec7n tho\u1ea1i.<\/p>\r\n<p>&#8211; Ch\u00fang t\u00f4i s\u1ebd d\u00f9ng th\u00f4ng tin qu\u00fd kh\u00e1ch \u0111\u00e3 cung c\u1ea5p \u0111\u1ec3 x\u1eed l\u00fd \u0111\u01a1n \u0111\u1eb7t h\u00e0ng, cung c\u1ea5p c\u00e1c d\u1ecbch v\u1ee5 v\u00e0 th\u00f4ng tin y\u00eau c\u1ea7u th\u00f4ng qua website v\u00e0 theo y\u00eau c\u1ea7u c\u1ee7a KH.<\/p>\r\n<p>&#8211; Ch\u00fang t\u00f4i c\u00f3 th\u1ec3 chuy\u1ec3n t\u00ean v\u00e0 \u0111\u1ecba ch\u1ec9 cho b\u00ean th\u1ee9 ba \u0111\u1ec3 h\u1ecd giao h\u00e0ng cho b\u1ea1n (v\u00ed d\u1ee5 cho b\u00ean chuy\u1ec3n ph\u00e1t ho\u1eb7c nh\u00e0 cung c\u1ea5p).<\/p>\r\n<p>&#8211; Ch\u00fang t\u00f4i c\u00f3 th\u1ec3 d\u00f9ng th\u00f4ng tin c\u00e1 nh\u00e2n c\u1ee7a b\u1ea1n \u0111\u1ec3 nghi\u00ean c\u1ee9u th\u1ecb tr\u01b0\u1eddng. M\u1ecdi th\u00f4ng tin chi ti\u1ebft s\u1ebd \u0111\u01b0\u1ee3c \u1ea9n v\u00e0 ch\u1ec9 \u0111\u01b0\u1ee3c d\u00f9ng \u0111\u1ec3 th\u1ed1ng k\u00ea. Qu\u00fd kh\u00e1ch c\u00f3 th\u1ec3 t\u1eeb ch\u1ed1i kh\u00f4ng tham gia b\u1ea5t c\u1ee9 l\u00fac n\u00e0o.<\/p>\r\n<p>&#8211; Cung c\u1ea5p d\u1ecbch v\u1ee5 cho Kh\u00e1ch h\u00e0ng v\u00e0 qu\u1ea3n l\u00fd, s\u1eed d\u1ee5ng th\u00f4ng tin c\u00e1 nh\u00e2n c\u1ee7a Ng\u01b0\u1eddi Ti\u00eau D\u00f9ng nh\u1eb1m m\u1ee5c \u0111\u00edch qu\u1ea3n l\u00fd c\u01a1 s\u1edf d\u1eef li\u1ec7u v\u1ec1 Ng\u01b0\u1eddi Ti\u00eau D\u00f9ng v\u00e0 k\u1ecbp th\u1eddi x\u1eed l\u00fd c\u00e1c t\u00ecnh hu\u1ed1ng ph\u00e1t sinh (n\u1ebfu c\u00f3).<\/p>\r\n<h3 id=\"mcetoc_1dfdcc6se2\"><span style=\"font-size: 16pt; color: #008000;\"><strong>2. PH\u1ea0M VI S\u1eec D\u1ee4NG TH\u00d4NG TIN C\u00c1 NH\u00c2N<\/strong><\/span><\/h3>\r\n<p>Website\u00a0<strong>betatechco.com<\/strong>\u00a0s\u1eed d\u1ee5ng th\u00f4ng tin c\u1ee7a Ng\u01b0\u1eddi Ti\u00eau D\u00f9ng cung c\u1ea5p \u0111\u1ec3:<\/p>\r\n<p>&#8211; Cung c\u1ea5p c\u00e1c d\u1ecbch v\u1ee5 \u0111\u1ebfn Ng\u01b0\u1eddi Ti\u00eau D\u00f9ng, KH;<\/p>\r\n<p>&#8211; G\u1eedi c\u00e1c th\u00f4ng b\u00e1o v\u1ec1 c\u00e1c ho\u1ea1t \u0111\u1ed9ng trao \u0111\u1ed5i th\u00f4ng tin gi\u1eefa Ng\u01b0\u1eddi Ti\u00eau D\u00f9ng v\u00e0 BETA;<\/p>\r\n<p>&#8211; Ng\u0103n ng\u1eeba c\u00e1c ho\u1ea1t \u0111\u1ed9ng ph\u00e1 h\u1ee7y, chi\u1ebfm \u0111o\u1ea1t t\u00e0i kho\u1ea3n ng\u01b0\u1eddi d\u00f9ng c\u1ee7a Ng\u01b0\u1eddi Ti\u00eau D\u00f9ng ho\u1eb7c c\u00e1c ho\u1ea1t \u0111\u1ed9ng gi\u1ea3 m\u1ea1o Ng\u01b0\u1eddi Ti\u00eau D\u00f9ng;<\/p>\r\n<p>&#8211; Li\u00ean l\u1ea1c v\u00e0 gi\u1ea3i quy\u1ebft khi\u1ebfu n\u1ea1i v\u1edbi Ng\u01b0\u1eddi Ti\u00eau D\u00f9ng, KH;<\/p>\r\n<p>&#8211; X\u00e1c nh\u1eadn v\u00e0 trao \u0111\u1ed5i th\u00f4ng tin v\u1ec1 giao d\u1ecbch c\u1ee7a Ng\u01b0\u1eddi Ti\u00eau D\u00f9ng t\u1ea1i BETA;<\/p>\r\n<p>&#8211; Trong tr\u01b0\u1eddng h\u1ee3p c\u00f3 y\u00eau c\u1ea7u c\u1ee7a c\u01a1 quan qu\u1ea3n l\u00fd nh\u00e0 n\u01b0\u1edbc c\u00f3 th\u1ea9m quy\u1ec1n.<\/p>\r\n<h3 id=\"mcetoc_1dfdcesij3\"><span style=\"font-size: 16pt; color: #008000;\"><strong>3. TH\u1edcI GIAN L\u01afU TR\u1eee TH\u00d4NG TIN C\u00c1 NH\u00c2N<\/strong><\/span><\/h3>\r\n<p>Kh\u00f4ng c\u00f3 th\u1eddi h\u1ea1n ngo\u1ea1i tr\u1eeb tr\u01b0\u1eddng h\u1ee3p Ng\u01b0\u1eddi Ti\u00eau D\u00f9ng g\u1eedi c\u00f3 y\u00eau c\u1ea7u h\u1ee7y b\u1ecf t\u1edbi cho Ban qu\u1ea3n tr\u1ecb ho\u1eb7c C\u00f4ng ty gi\u1ea3i th\u1ec3 ho\u1eb7c b\u1ecb ph\u00e1 s\u1ea3n.<\/p>\r\n<h3 id=\"mcetoc_1dfdcg4bm4\"><span style=\"font-size: 16pt; color: #008000;\"><strong>4. NH\u1eeeNG NG\u01af\u1edcI HO\u1eb6C T\u1ed4 CH\u1ee8C C\u00d3 TH\u1ec2 \u0110\u01af\u1ee2C TI\u1ebeP C\u1eacN V\u1edaI TH\u00d4NG TIN C\u00c1 NH\u00c2N C\u1ee6A NG\u01af\u1edcI TI\u00caU D\u00d9NG<\/strong><\/span><\/h3>\r\n<p>Ng\u01b0\u1eddi Ti\u00eau D\u00f9ng \u0111\u1ed3ng \u00fd r\u1eb1ng, trong tr\u01b0\u1eddng h\u1ee3p c\u1ea7n thi\u1ebft, c\u00e1c c\u01a1 quan\/ t\u1ed5 ch\u1ee9c\/c\u00e1 nh\u00e2n sau c\u00f3 quy\u1ec1n \u0111\u01b0\u1ee3c ti\u1ebfp c\u1eadn v\u00e0 thu th\u1eadp c\u00e1c th\u00f4ng tin c\u00e1 nh\u00e2n c\u1ee7a m\u00ecnh, bao g\u1ed3m: Ban qu\u1ea3n tr\u1ecb.<\/p>\r\n<p>&#8211; B\u00ean th\u1ee9 ba c\u00f3 d\u1ecbch v\u1ee5 t\u00edch h\u1ee3p v\u1edbi Website\u00a0<strong>betatechco.com<\/strong><\/p>\r\n<p>&#8211; C\u00f4ng ty t\u1ed5 ch\u1ee9c s\u1ef1 ki\u1ec7n v\u00e0 nh\u00e0 t\u00e0i tr\u1ee3<\/p>\r\n<p>&#8211; C\u01a1 quan nh\u00e0 n\u01b0\u1edbc c\u00f3 th\u1ea9m quy\u1ec1n trong tr\u01b0\u1eddng h\u1ee3p c\u00f3 y\u00eau c\u1ea7u theo quy \u0111\u1ecbnh t\u1ea1i quy ch\u1ebf ho\u1ea1t \u0111\u1ed9ng<\/p>\r\n<p>&#8211; C\u00f4ng ty nghi\u00ean c\u1ee9u th\u1ecb tr\u01b0\u1eddng<\/p>\r\n<p>&#8211; C\u1ed1 v\u1ea5n t\u00e0i ch\u00ednh, ph\u00e1p l\u00fd v\u00e0 C\u00f4ng ty ki\u1ec3m to\u00e1n<\/p>\r\n<p>&#8211; B\u00ean khi\u1ebfu n\u1ea1i ch\u1ee9ng minh \u0111\u01b0\u1ee3c h\u00e0nh vi vi ph\u1ea1m c\u1ee7a Ng\u01b0\u1eddi Ti\u00eau D\u00f9ng<\/p>\r\n<p>&#8211; Theo y\u00eau c\u1ea7u c\u1ee7a c\u01a1 quan nh\u00e0 n\u01b0\u1edbc c\u00f3 th\u1ea9m quy\u1ec1n<\/p>\r\n<h3 id=\"mcetoc_1dfdcioaq5\"><span style=\"font-size: 16pt; color: #008000;\"><strong>5. \u0110\u1ecaA CH\u1ec8 C\u1ee6A \u0110\u01a0N V\u1eca THU TH\u1eacP V\u00c0 QU\u1ea2N L\u00dd TH\u00d4NG TIN<\/strong><\/span><\/h3>\r\n<h4><span style=\"color: #ff0000; font-size: 14pt;\"><strong>C\u00d4NG TY TNHH BETA TECHNOLOGY<\/strong><\/span><\/h4>\r\n<p>&#8211; \u0110\u1ecba ch\u1ec9:\u00a0<strong>S\u1ed1 nh\u00e0 17, \u0110\u01b0\u1eddng s\u1ed1 12, Khu d\u00e2n c\u01b0 Cityland, Ph\u01b0\u1eddng 10, Qu\u1eadn G\u00f2 V\u1ea5p, TP. H\u1ed3 Ch\u00ed Minh<\/strong><\/p>\r\n<p>&#8211; \u0110i\u1ec7n tho\u1ea1i:\u00a0<strong>0286 2727 095 &#8211; 0903 042 747<\/strong><\/p>\r\n<p>&#8211; Email:\u00a0<strong>admin@betatechco.com<\/strong><\/p>\r\n<h3 id=\"mcetoc_1dfdcg4bm4\"><span style=\"font-size: 16pt; color: #008000;\"><strong>6. PH\u01af\u01a0NG TI\u1ec6N V\u00c0 C\u00d4NG C\u1ee4 \u0110\u1ec2 NG\u01af\u1edcI TI\u00caU D\u00d9NG TI\u1ebeP C\u1eacN V\u00c0 CH\u1ec8NH S\u1eecA D\u1eee LI\u1ec6U TH\u00d4NG TIN C\u00c1 NH\u00c2N C\u1ee6A M\u00ccNH<\/strong><\/span><\/h3>\r\n<p>Ng\u01b0\u1eddi Ti\u00eau D\u00f9ng c\u00f3 quy\u1ec1n t\u1ef1 ki\u1ec3m tra, c\u1eadp nh\u1eadt, \u0111i\u1ec1u ch\u1ec9nh ho\u1eb7c h\u1ee7y b\u1ecf th\u00f4ng tin c\u00e1 nh\u00e2n c\u1ee7a m\u00ecnh b\u1eb1ng c\u00e1ch y\u00eau c\u1ea7u Ban qu\u1ea3n tr\u1ecb website. Ng\u01b0\u1eddi Ti\u00eau D\u00f9ng c\u00f3 quy\u1ec1n g\u1eedi khi\u1ebfu n\u1ea1i v\u1ec1 vi\u1ec7c l\u1ed9 th\u00f4ng tin c\u00e1 nh\u00e2n c\u1ee7a m\u00ecnh cho b\u00ean th\u1ee9 3 \u0111\u1ebfn Ban qu\u1ea3n tr\u1ecb. Khi ti\u1ebfp nh\u1eadn nh\u1eefng ph\u1ea3n h\u1ed3i n\u00e0y, BETA s\u1ebd x\u00e1c nh\u1eadn l\u1ea1i th\u00f4ng tin, ph\u1ea3i c\u00f3 tr\u00e1ch nhi\u1ec7m tr\u1ea3 l\u1eddi l\u00fd do v\u00e0 h\u01b0\u1edbng d\u1eabn Ng\u01b0\u1eddi Ti\u00eau D\u00f9ng kh\u00f4i ph\u1ee5c v\u00e0 b\u1ea3o m\u1eadt l\u1ea1i th\u00f4ng tin. C\u00e1c h\u00ecnh th\u1ee9c ti\u1ebfp nh\u1eadn th\u00f4ng tin khi\u1ebfu n\u1ea1i c\u1ee7a Ng\u01b0\u1eddi Ti\u00eau D\u00f9ng:<\/p>\r\n<p>i) Qua email:\u00a0<strong>admin@betatechco.com<\/strong><\/p>\r\n<p>ii) Qua \u0111i\u1ec7n tho\u1ea1i:\u00a0<strong>0286 2727 095<\/strong><\/p>\r\n<h3 id=\"mcetoc_1dfdcg4bm4\"><span style=\"font-size: 16pt; color: #008000;\"><strong>7. CAM K\u1ebeT B\u1ea2O M\u1eacT TH\u00d4NG TIN C\u00c1 NH\u00c2N C\u1ee6A NG\u01af\u1edcI TI\u00caU D\u00d9NG<\/strong><\/span><\/h3>\r\n<p>Th\u00f4ng tin c\u00e1 nh\u00e2n c\u1ee7a Ng\u01b0\u1eddi Ti\u00eau D\u00f9ng tr\u00ean Website\u00a0<strong>betatechco.com<\/strong>\u00a0\u0111\u01b0\u1ee3c Ban qu\u1ea3n tr\u1ecb cam k\u1ebft b\u1ea3o m\u1eadt tuy\u1ec7t \u0111\u1ed1i theo ch\u00ednh s\u00e1ch b\u1ea3o m\u1eadt th\u00f4ng tin c\u00e1 nh\u00e2n \u0111\u01b0\u1ee3c \u0111\u0103ng t\u1ea3i tr\u00ean Website\u00a0<strong>betatechco.com<\/strong>.\u00a0Vi\u1ec7c thu th\u1eadp v\u00e0 s\u1eed d\u1ee5ng th\u00f4ng tin c\u1ee7a m\u1ed7i Ng\u01b0\u1eddi Ti\u00eau D\u00f9ng ch\u1ec9 \u0111\u01b0\u1ee3c th\u1ef1c hi\u1ec7n khi c\u00f3 s\u1ef1 \u0111\u1ed3ng \u00fd c\u1ee7a Ng\u01b0\u1eddi Ti\u00eau D\u00f9ng tr\u1eeb nh\u1eefng tr\u01b0\u1eddng h\u1ee3p ph\u00e1p lu\u1eadt c\u00f3 quy \u0111\u1ecbnh kh\u00e1c v\u00e0 quy \u0111\u1ecbnh n\u00e0y. Kh\u00f4ng s\u1eed d\u1ee5ng, kh\u00f4ng chuy\u1ec3n giao, cung c\u1ea5p ho\u1eb7c ti\u1ebft l\u1ed9 cho b\u00ean th\u1ee9 3 v\u1ec1 th\u00f4ng tin c\u00e1 nh\u00e2n c\u1ee7a Ng\u01b0\u1eddi Ti\u00eau D\u00f9ng khi kh\u00f4ng c\u00f3 s\u1ef1 \u0111\u1ed3ng \u00fd c\u1ee7a Ng\u01b0\u1eddi Ti\u00eau D\u00f9ng ngo\u1ea1i tr\u1eeb c\u00e1c tr\u01b0\u1eddng h\u1ee3p \u0111\u01b0\u1ee3c quy \u0111\u1ecbnh t\u1ea1i quy \u0111\u1ecbnh n\u00e0y ho\u1eb7c quy \u0111\u1ecbnh c\u1ee7a ph\u00e1p lu\u1eadt. Trong tr\u01b0\u1eddng h\u1ee3p m\u00e1y ch\u1ee7 l\u01b0u tr\u1eef th\u00f4ng tin b\u1ecb hacker t\u1ea5n c\u00f4ng d\u1eabn \u0111\u1ebfn m\u1ea5t m\u00e1t d\u1eef li\u1ec7u c\u00e1 nh\u00e2n c\u1ee7a Ng\u01b0\u1eddi Ti\u00eau D\u00f9ng, Ban qu\u1ea3n tr\u1ecb c\u00f3 tr\u00e1ch nhi\u1ec7m th\u00f4ng b\u00e1o v\u00e0 l\u00e0m vi\u1ec7c v\u1edbi c\u01a1 quan ch\u1ee9c n\u0103ng \u0111i\u1ec1u tra v\u00e0 x\u1eed l\u00fd k\u1ecbp th\u1eddi, \u0111\u1ed3ng th\u1eddi th\u00f4ng b\u00e1o cho Ng\u01b0\u1eddi Ti\u00eau D\u00f9ng \u0111\u01b0\u1ee3c bi\u1ebft v\u1ec1 v\u1ee5 vi\u1ec7c.<\/p>\r\n<h3 id=\"mcetoc_1dfdcg4bm4\"><span style=\"font-size: 16pt; color: #008000;\"><strong>8. C\u01a0 CH\u1ebe TI\u1ebeP NH\u1eacN V\u00c0 GI\u1ea2I QUY\u1ebeT KHI\u1ebeU N\u1ea0I LI\u00caN QUAN \u0110\u1ebeN VI\u1ec6C TH\u00d4NG TIN C\u1ee6A NG\u01af\u1edcI TI\u00caU D\u00d9NG<\/strong><\/span><\/h3>\r\n<p>Khi pha\u0301t hi\u00ea\u0323n th\u00f4ng tin ca\u0301 nh\u00e2n cu\u0309a mi\u0300nh bi\u0323 s\u01b0\u0309 du\u0323ng sai mu\u0323c \u0111i\u0301ch ho\u0103\u0323c pha\u0323m vi, Ng\u01b0\u1eddi Ti\u00eau D\u00f9ng g\u1eedi email khi\u00ea\u0301u na\u0323i \u0111\u00ea\u0301n email <strong>admin@betatechco.com<\/strong>\u00a0ho\u1eb7c g\u1ecdi \u0111i\u1ec7n tho\u1ea1i t\u1edbi s\u1ed1\u00a0<strong>HOTLINE<\/strong>\u00a0<strong>0286 2727 095\u00a0<\/strong>\u0111\u1ec3 khi\u1ebfu n\u1ea1i v\u00e0 cung c\u1ea5p ch\u01b0\u0301ng c\u01b0\u0301 li\u00ean quan t\u01a1\u0301i v\u1ee5 vi\u00ea\u0323c cho Ban qu\u1ea3n tr\u1ecb. Ban qu\u1ea3n tr\u1ecb cam k\u00ea\u0301t se\u0303 pha\u0309n h\u00f4\u0300i ngay l\u1eadp t\u1ee9c ho\u1eb7c mu\u1ed9n nh\u1ea5t l\u00e0 trong vo\u0300ng 24 (hai m\u01b0\u01a1i t\u01b0) gi\u1edd l\u00e0m vi\u1ec7c k\u1ec3 t\u1eeb th\u1eddi \u0111i\u1ec3m nh\u1eadn \u0111\u01b0\u1ee3c khi\u1ebfu n\u1ea1i.<\/p>\r\n<p>&nbsp;<\/p>\r\n<p>&nbsp;<\/p>\r\n","protected":false},"excerpt":{"rendered":"<p>C\u00f4ng ty TNHH\u00a0BETA TECHNOLOGY\u00a0ch\u00fang t\u00f4i t\u00f4n tr\u1ecdng v\u00e0 cam k\u1ebft s\u1ebd b\u1ea3o m\u1eadt nh\u1eefng th\u00f4ng tin mang t\u00ednh ri\u00eang t\u01b0 c\u1ee7a b\u1ea1n. Xin vui l\u00f2ng \u0111\u1ecdc b\u1ea3n Ch\u00ednh s\u00e1ch b\u1ea3o v\u1ec7 th\u00f4ng tin c\u00e1 nh\u00e2n c\u1ee7a ng\u01b0\u1eddi ti\u00eau d\u00f9ng d\u01b0\u1edbi \u0111\u00e2y \u0111\u1ec3 hi\u1ec3u h\u01a1n nh\u1eefng cam k\u1ebft m\u00e0 ch\u00fang t\u00f4i th\u1ef1c hi\u1ec7n nh\u1eb1m t\u00f4n tr\u1ecdng<\/p>\n","protected":false},"author":1,"featured_media":0,"parent":0,"menu_order":8,"comment_status":"closed","ping_status":"closed","template":"page-templates\/fullwidthpage.php","meta":[],"yoast_head":"<!-- This site is optimized with the Yoast SEO plugin v17.4 - https:\/\/yoast.com\/wordpress\/plugins\/seo\/ -->\n<title>Privacy Policy - Beta Technology<\/title>\n<meta name=\"robots\" content=\"index, follow, max-snippet:-1, max-image-preview:large, max-video-preview:-1\" \/>\n<link rel=\"canonical\" href=\"https:\/\/betatechco.com\/en\/privacy-policy\/?lang=en\" \/>\n<meta property=\"og:locale\" content=\"en_US\" \/>\n<meta property=\"og:type\" content=\"article\" \/>\n<meta property=\"og:title\" content=\"Privacy Policy - Beta Technology\" \/>\n<meta property=\"og:description\" content=\"C\u00f4ng ty TNHH\u00a0BETA TECHNOLOGY\u00a0ch\u00fang t\u00f4i t\u00f4n tr\u1ecdng v\u00e0 cam k\u1ebft s\u1ebd b\u1ea3o m\u1eadt nh\u1eefng th\u00f4ng tin mang t\u00ednh ri\u00eang t\u01b0 c\u1ee7a b\u1ea1n. Xin vui l\u00f2ng \u0111\u1ecdc b\u1ea3n Ch\u00ednh s\u00e1ch b\u1ea3o v\u1ec7 th\u00f4ng tin c\u00e1 nh\u00e2n c\u1ee7a ng\u01b0\u1eddi ti\u00eau d\u00f9ng d\u01b0\u1edbi \u0111\u00e2y \u0111\u1ec3 hi\u1ec3u h\u01a1n nh\u1eefng cam k\u1ebft m\u00e0 ch\u00fang t\u00f4i th\u1ef1c hi\u1ec7n nh\u1eb1m t\u00f4n tr\u1ecdng\" \/>\n<meta property=\"og:url\" content=\"https:\/\/betatechco.com\/privacy-policy\/?lang=en\" \/>\n<meta property=\"og:site_name\" content=\"Beta Technology\" \/>\n<meta name=\"twitter:card\" content=\"summary_large_image\" \/>\n<meta name=\"twitter:label1\" content=\"Est. reading time\" \/>\n\t<meta name=\"twitter:data1\" content=\"6 minutes\" \/>\n<script type=\"application\/ld+json\" class=\"yoast-schema-graph\">{\"@context\":\"https:\/\/schema.org\",\"@graph\":[{\"@type\":\"WebSite\",\"@id\":\"https:\/\/betatechco.com\/#website\",\"url\":\"https:\/\/betatechco.com\/\",\"name\":\"Beta Technology\",\"description\":\"Chuy\\u00ean cung c\\u1ea5p c\\u00e1c thi\\u1ebft b\\u1ecb ph\\u00e2n t\\u00edch th\\u00ed nghi\\u1ec7m\",\"potentialAction\":[{\"@type\":\"SearchAction\",\"target\":{\"@type\":\"EntryPoint\",\"urlTemplate\":\"https:\/\/betatechco.com\/?s={search_term_string}\"},\"query-input\":\"required name=search_term_string\"}],\"inLanguage\":\"en-US\"},{\"@type\":\"WebPage\",\"@id\":\"https:\/\/betatechco.com\/privacy-policy\/?lang=en#webpage\",\"url\":\"https:\/\/betatechco.com\/privacy-policy\/?lang=en\",\"name\":\"Privacy Policy - Beta Technology\",\"isPartOf\":{\"@id\":\"https:\/\/betatechco.com\/#website\"},\"datePublished\":\"2021-11-19T08:07:40+00:00\",\"dateModified\":\"2021-11-19T08:07:40+00:00\",\"breadcrumb\":{\"@id\":\"https:\/\/betatechco.com\/privacy-policy\/?lang=en#breadcrumb\"},\"inLanguage\":\"en-US\",\"potentialAction\":[{\"@type\":\"ReadAction\",\"target\":[\"https:\/\/betatechco.com\/privacy-policy\/?lang=en\"]}]},{\"@type\":\"BreadcrumbList\",\"@id\":\"https:\/\/betatechco.com\/privacy-policy\/?lang=en#breadcrumb\",\"itemListElement\":[{\"@type\":\"ListItem\",\"position\":1,\"name\":\"Home\",\"item\":\"https:\/\/betatechco.com\/en\/\"},{\"@type\":\"ListItem\",\"position\":2,\"name\":\"Privacy Policy\"}]}]}<\/script>\n<!-- \/ Yoast SEO plugin. -->","yoast_head_json":{"title":"Privacy Policy - Beta Technology","robots":{"index":"index","follow":"follow","max-snippet":"max-snippet:-1","max-image-preview":"max-image-preview:large","max-video-preview":"max-video-preview:-1"},"canonical":"https:\/\/betatechco.com\/en\/privacy-policy\/?lang=en","og_locale":"en_US","og_type":"article","og_title":"Privacy Policy - Beta Technology","og_description":"C\u00f4ng ty TNHH\u00a0BETA TECHNOLOGY\u00a0ch\u00fang t\u00f4i t\u00f4n tr\u1ecdng v\u00e0 cam k\u1ebft s\u1ebd b\u1ea3o m\u1eadt nh\u1eefng th\u00f4ng tin mang t\u00ednh ri\u00eang t\u01b0 c\u1ee7a b\u1ea1n. Xin vui l\u00f2ng \u0111\u1ecdc b\u1ea3n Ch\u00ednh s\u00e1ch b\u1ea3o v\u1ec7 th\u00f4ng tin c\u00e1 nh\u00e2n c\u1ee7a ng\u01b0\u1eddi ti\u00eau d\u00f9ng d\u01b0\u1edbi \u0111\u00e2y \u0111\u1ec3 hi\u1ec3u h\u01a1n nh\u1eefng cam k\u1ebft m\u00e0 ch\u00fang t\u00f4i th\u1ef1c hi\u1ec7n nh\u1eb1m t\u00f4n tr\u1ecdng","og_url":"https:\/\/betatechco.com\/privacy-policy\/?lang=en","og_site_name":"Beta Technology","twitter_card":"summary_large_image","twitter_misc":{"Est. reading time":"6 minutes"},"schema":{"@context":"https:\/\/schema.org","@graph":[{"@type":"WebSite","@id":"https:\/\/betatechco.com\/#website","url":"https:\/\/betatechco.com\/","name":"Beta Technology","description":"Chuy\u00ean cung c\u1ea5p c\u00e1c thi\u1ebft b\u1ecb ph\u00e2n t\u00edch th\u00ed nghi\u1ec7m","potentialAction":[{"@type":"SearchAction","target":{"@type":"EntryPoint","urlTemplate":"https:\/\/betatechco.com\/?s={search_term_string}"},"query-input":"required name=search_term_string"}],"inLanguage":"en-US"},{"@type":"WebPage","@id":"https:\/\/betatechco.com\/privacy-policy\/?lang=en#webpage","url":"https:\/\/betatechco.com\/privacy-policy\/?lang=en","name":"Privacy Policy - Beta Technology","isPartOf":{"@id":"https:\/\/betatechco.com\/#website"},"datePublished":"2021-11-19T08:07:40+00:00","dateModified":"2021-11-19T08:07:40+00:00","breadcrumb":{"@id":"https:\/\/betatechco.com\/privacy-policy\/?lang=en#breadcrumb"},"inLanguage":"en-US","potentialAction":[{"@type":"ReadAction","target":["https:\/\/betatechco.com\/privacy-policy\/?lang=en"]}]},{"@type":"BreadcrumbList","@id":"https:\/\/betatechco.com\/privacy-policy\/?lang=en#breadcrumb","itemListElement":[{"@type":"ListItem","position":1,"name":"Home","item":"https:\/\/betatechco.com\/en\/"},{"@type":"ListItem","position":2,"name":"Privacy Policy"}]}]}},"_links":{"self":[{"href":"https:\/\/betatechco.com\/en\/wp-json\/wp\/v2\/pages\/2784"}],"collection":[{"href":"https:\/\/betatechco.com\/en\/wp-json\/wp\/v2\/pages"}],"about":[{"href":"https:\/\/betatechco.com\/en\/wp-json\/wp\/v2\/types\/page"}],"author":[{"embeddable":true,"href":"https:\/\/betatechco.com\/en\/wp-json\/wp\/v2\/users\/1"}],"replies":[{"embeddable":true,"href":"https:\/\/betatechco.com\/en\/wp-json\/wp\/v2\/comments?post=2784"}],"version-history":[{"count":1,"href":"https:\/\/betatechco.com\/en\/wp-json\/wp\/v2\/pages\/2784\/revisions"}],"predecessor-version":[{"id":2785,"href":"https:\/\/betatechco.com\/en\/wp-json\/wp\/v2\/pages\/2784\/revisions\/2785"}],"wp:attachment":[{"href":"https:\/\/betatechco.com\/en\/wp-json\/wp\/v2\/media?parent=2784"}],"curies":[{"name":"wp","href":"https:\/\/api.w.org\/{rel}","templated":true}]}}