{"id":2789,"date":"2021-11-19T08:11:22","date_gmt":"2021-11-19T08:11:22","guid":{"rendered":"https:\/\/betatechco.com\/?page_id=2789"},"modified":"2021-11-19T08:11:22","modified_gmt":"2021-11-19T08:11:22","slug":"safe-purchase-payment-policy","status":"publish","type":"page","link":"https:\/\/betatechco.com\/en\/safe-purchase-payment-policy\/","title":{"rendered":"Safe purchase &#038; payment policy"},"content":{"rendered":"<h2 style=\"text-align: center;\"><span style=\"color: #0000ff;\"><strong>CH\u00cdNH S\u00c1CH MUA H\u00c0NG AN TO\u00c0N T\u1ea0I BETA TECHNOLOGY<\/strong><\/span><\/h2>\n<p style=\"text-align: justify;\">C\u00f4ng ty\u00a0TNHH<b>\u00a0BETA TECHNOLOGY<\/b>\u00a0xin ch\u00e2n th\u00e0nh c\u1ea3m \u01a1n Kh\u00e1ch h\u00e0ng \u0111\u00e3 tin c\u1eady v\u00e0 s\u1eed d\u1ee5ng nh\u1eefng s\u1ea3n ph\u1ea9m thi\u1ebft b\u1ecb ph\u00e2n t\u00edch th\u00ed nghi\u1ec7m, d\u1ecbch v\u1ee5 do BETA cung c\u1ea5p. BETA cam k\u1ebft ho\u1ea1t \u0111\u1ed9ng th\u01b0\u01a1ng m\u1ea1i \u0111i\u1ec7n t\u1eed theo \u0111\u00fang quy \u0111\u1ecbnh c\u1ee7a ph\u00e1p lu\u1eadt, quy \u0111\u1ecbnh t\u1ea1i c\u00e1c ch\u00ednh s\u00e1ch n\u00e0y.<\/p>\n<p style=\"text-align: justify;\">\u0110\u1ec3 \u0111\u1ea3m b\u1ea3o quy\u1ec1n l\u1ee3i c\u1ee7a ch\u00ednh m\u00ecnh, tr\u01b0\u1edbc khi thi\u1ebft l\u1eadp c\u00e1c giao d\u1ecbch v\u1edbi BETA, Kh\u00e1ch h\u00e0ng vui l\u00f2ng \u0111\u1ecdc k\u1ef9 nh\u1eefng quy \u0111\u1ecbnh trong ch\u00ednh s\u00e1ch n\u00e0y \u0111\u1ec3 hi\u1ec3u v\u00e0 n\u1eafm \u0111\u01b0\u1ee3c c\u00e1ch th\u1ee9c giao d\u1ecbch c\u1ee7a C\u00f4ng ty.<\/p>\n<p style=\"text-align: justify;\">Ch\u00ednh s\u00e1ch n\u00e0y \u0111\u01b0\u1ee3c \u00e1p d\u1ee5ng khi Kh\u00e1ch h\u00e0ng c\u00f3 quan h\u1ec7 giao d\u1ecbch v\u1edbi BETA, v\u00e0 b\u1ea5t k\u1ef3 th\u1eddi \u0111i\u1ec3m n\u00e0o Kh\u00e1ch h\u00e0ng s\u1eed d\u1ee5ng s\u1ea3n ph\u1ea9m, d\u1ecbch v\u1ee5 do BETA cung c\u1ea5p, t\u1ee9c l\u00e0 Kh\u00e1ch h\u00e0ng \u0111\u1ed3ng \u00fd v\u1edbi c\u00e1c \u0111i\u1ec1u kho\u1ea3n m\u00e0 BETA quy \u0111\u1ecbnh trong Ch\u00ednh s\u00e1ch n\u00e0y.<\/p>\n<h2 style=\"text-align: center;\"><span style=\"color: #0000ff;\"><strong>QUY TR\u00ccNH MUA H\u00c0NG AN TO\u00c0N<\/strong><\/span><\/h2>\n<h3><span style=\"font-size: 16pt; color: #008000;\"><strong>1. T\u01af V\u1ea4N<\/strong><\/span><\/h3>\n<p>Kh\u00e1ch h\u00e0ng li\u00ean h\u1ec7 tr\u1ef1c ti\u1ebfp cho BETA qua s\u1ed1 \u0111i\u1ec7n tho\u1ea1i\u00a0<strong>HOTLINE 0286 2727 095,\u00a0<\/strong>g\u1eedi y\u00eau c\u1ea7u h\u1ed7 tr\u1ee3 qua website\u00a0<strong>betatechco.com<\/strong>\u00a0c\u1ee7a C\u00f4ng ty ho\u1eb7c qua Email\u00a0<strong>sales@betatechco.com.<\/strong><\/p>\n<p>Kh\u00e1ch h\u00e0ng s\u1ebd \u0111\u01b0\u1ee3c \u0111\u1ed9i ng\u0169 t\u01b0 v\u1ea5n b\u00e1n h\u00e0ng c\u1ee7a BETA tr\u1ef1c ti\u1ebfp t\u01b0 v\u1ea5n v\u00e0 gi\u1edbi thi\u1ec7u th\u01b0\u01a1ng hi\u1ec7u, lo\u1ea1i thi\u1ebft b\u1ecb, m\u1eabu thi\u1ebft b\u1ecb \u0111\u00e1p \u1ee9ng t\u1ed1t nh\u1ea5t v\u1edbi nhu c\u1ea7u v\u00e0 \u0111i\u1ec1u ki\u1ec7n c\u1ee7a Kh\u00e1ch h\u00e0ng .<\/p>\n<h3><span style=\"font-size: 16pt; color: #008000;\"><strong>2. \u0110\u1eb6T H\u00c0NG<\/strong><\/span><\/h3>\n<p>khi Kh\u00e1ch h\u00e0ng \u0111\u00e3 l\u1ef1a ch\u1ecdn \u0111\u01b0\u1ee3c lo\u1ea1i thi\u1ebft b\u1ecb ph\u00f9 h\u1ee3p, Kh\u00e1ch h\u00e0ng s\u1ebd ti\u1ebfn h\u00e0nh \u0111\u1eb7t h\u00e0ng v\u1edbi BETA b\u1eb1ng c\u00e1ch li\u00ean h\u1ec7 tr\u1ef1c ti\u1ebfp qua s\u1ed1 \u0111i\u1ec7n tho\u1ea1i\u00a0<strong>HOTLINE 0286 2727 095<\/strong>\u00a0ho\u1eb7c g\u1eedi y\u00eau c\u1ea7u qua Email\u00a0<strong>sales@betatechco.com<\/strong>\u00a0theo s\u1ef1 h\u01b0\u1edbng d\u1eabn c\u1ee5 th\u1ec3 c\u1ee7a nh\u00e2n vi\u00ean T\u01b0 v\u1ea5n b\u00e1n h\u00e0ng c\u1ee7a C\u00f4ng ty.<\/p>\n<p><span style=\"color: #ff0000;\"><strong>BETA kh\u00f4ng giao d\u1ecbch v\u00e0 mua b\u00e1n tr\u1ef1c tuy\u1ebfn (online).<\/strong><\/span><\/p>\n<h3><span style=\"font-size: 16pt; color: #008000;\"><strong>3.GIAO K\u1ebeT H\u1ee2P \u0110\u1ed2NG<\/strong><\/span><\/h3>\n<p>sau khi Kh\u00e1ch h\u00e0ng \u0111\u1eb7t h\u00e0ng theo quy \u0111\u1ecbnh t\u1ea1i ti\u1ec3u m\u1ee5c 2 tr\u00ean \u0111\u00e2y, nh\u00e2n vi\u00ean c\u1ee7a BETA s\u1ebd li\u00ean h\u1ec7 \u0111\u1ec3 ti\u1ebfn h\u00e0nh k\u00fd k\u1ebft h\u1ee3p \u0111\u1ed3ng mua b\u00e1n.<\/p>\n<h3><span style=\"font-size: 16pt; color: #008000;\"><strong>4. THANH TO\u00c1N<\/strong><\/span><\/h3>\n<p>Sau khi h\u1ee3p \u0111\u1ed3ng \u0111\u01b0\u1ee3c k\u00fd k\u1ebft, Kh\u00e1ch h\u00e0ng mua s\u1ea3n ph\u1ea9m thi\u1ebft b\u1ecb t\u1ea1i BETA s\u1ebd\u00a0<strong>ho\u00e0n to\u00e0n<\/strong> thanh to\u00e1n qua Ng\u00e2n h\u00e0ng t\u1edbi t\u00e0i kho\u1ea3n. Chi ti\u1ebft n\u1ed9i dung thanh to\u00e1n s\u1ebd \u0111\u01b0\u1ee3c \u0111\u1ec1 c\u1eadp r\u00f5 r\u00e0ng tr\u00ean h\u1ee3p \u0111\u1ed3ng.<\/p>\n<h3><span style=\"font-size: 16pt; color: #008000;\"><strong>5. B\u00c0N GIAO THI\u1ebeT B\u1eca<\/strong><\/span><\/h3>\n<p>Sau khi Kh\u00e1ch h\u00e0ng thanh to\u00e1n cho BETA theo quy \u0111\u1ecbnh t\u1ea1i H\u1ee3p \u0111\u1ed3ng v\u00e0 trong th\u1eddi h\u1ea1n \u0111\u01b0\u1ee3c th\u1ecfa thu\u1eadn t\u1ea1i h\u1ee3p \u0111\u1ed3ng BETA s\u1ebd ti\u1ebfn h\u00e0nh th\u1ee7 t\u1ee5c b\u00e0n giao thi\u1ebft b\u1ecb cho Kh\u00e1ch h\u00e0ng theo quy \u0111\u1ecbnh t\u1ea1i Ch\u00ednh s\u00e1ch giao nh\u1eadn.<\/p>\n<p>&nbsp;<\/p>\n<p>&nbsp;<\/p>\n","protected":false},"excerpt":{"rendered":"<p>CH\u00cdNH S\u00c1CH MUA H\u00c0NG AN TO\u00c0N T\u1ea0I BETA TECHNOLOGY C\u00f4ng ty\u00a0TNHH\u00a0BETA TECHNOLOGY\u00a0xin ch\u00e2n th\u00e0nh c\u1ea3m \u01a1n Kh\u00e1ch h\u00e0ng \u0111\u00e3 tin c\u1eady v\u00e0 s\u1eed d\u1ee5ng nh\u1eefng s\u1ea3n ph\u1ea9m thi\u1ebft b\u1ecb ph\u00e2n t\u00edch th\u00ed nghi\u1ec7m, d\u1ecbch v\u1ee5 do BETA cung c\u1ea5p. BETA cam k\u1ebft ho\u1ea1t \u0111\u1ed9ng th\u01b0\u01a1ng m\u1ea1i \u0111i\u1ec7n t\u1eed theo \u0111\u00fang quy \u0111\u1ecbnh c\u1ee7a ph\u00e1p lu\u1eadt,<\/p>\n","protected":false},"author":1,"featured_media":0,"parent":0,"menu_order":11,"comment_status":"closed","ping_status":"closed","template":"page-templates\/fullwidthpage.php","meta":[],"yoast_head":"<!-- This site is optimized with the Yoast SEO plugin v17.4 - https:\/\/yoast.com\/wordpress\/plugins\/seo\/ -->\n<title>Safe purchase &amp; payment policy - Beta Technology<\/title>\n<meta name=\"robots\" content=\"index, follow, max-snippet:-1, max-image-preview:large, max-video-preview:-1\" \/>\n<link rel=\"canonical\" href=\"https:\/\/betatechco.com\/en\/safe-purchase-payment-policy\/?lang=en\" \/>\n<meta property=\"og:locale\" content=\"en_US\" \/>\n<meta property=\"og:type\" content=\"article\" \/>\n<meta property=\"og:title\" content=\"Safe purchase &amp; payment policy - Beta Technology\" \/>\n<meta property=\"og:description\" content=\"CH\u00cdNH S\u00c1CH MUA H\u00c0NG AN TO\u00c0N T\u1ea0I BETA TECHNOLOGY C\u00f4ng ty\u00a0TNHH\u00a0BETA TECHNOLOGY\u00a0xin ch\u00e2n th\u00e0nh c\u1ea3m \u01a1n Kh\u00e1ch h\u00e0ng \u0111\u00e3 tin c\u1eady v\u00e0 s\u1eed d\u1ee5ng nh\u1eefng s\u1ea3n ph\u1ea9m thi\u1ebft b\u1ecb ph\u00e2n t\u00edch th\u00ed nghi\u1ec7m, d\u1ecbch v\u1ee5 do BETA cung c\u1ea5p. BETA cam k\u1ebft ho\u1ea1t \u0111\u1ed9ng th\u01b0\u01a1ng m\u1ea1i \u0111i\u1ec7n t\u1eed theo \u0111\u00fang quy \u0111\u1ecbnh c\u1ee7a ph\u00e1p lu\u1eadt,\" \/>\n<meta property=\"og:url\" content=\"https:\/\/betatechco.com\/safe-purchase-payment-policy\/?lang=en\" \/>\n<meta property=\"og:site_name\" content=\"Beta Technology\" \/>\n<meta name=\"twitter:card\" content=\"summary_large_image\" \/>\n<meta name=\"twitter:label1\" content=\"Est. reading time\" \/>\n\t<meta name=\"twitter:data1\" content=\"2 minutes\" \/>\n<script type=\"application\/ld+json\" class=\"yoast-schema-graph\">{\"@context\":\"https:\/\/schema.org\",\"@graph\":[{\"@type\":\"WebSite\",\"@id\":\"https:\/\/betatechco.com\/#website\",\"url\":\"https:\/\/betatechco.com\/\",\"name\":\"Beta Technology\",\"description\":\"Chuy\\u00ean cung c\\u1ea5p c\\u00e1c thi\\u1ebft b\\u1ecb ph\\u00e2n t\\u00edch th\\u00ed nghi\\u1ec7m\",\"potentialAction\":[{\"@type\":\"SearchAction\",\"target\":{\"@type\":\"EntryPoint\",\"urlTemplate\":\"https:\/\/betatechco.com\/?s={search_term_string}\"},\"query-input\":\"required name=search_term_string\"}],\"inLanguage\":\"en-US\"},{\"@type\":\"WebPage\",\"@id\":\"https:\/\/betatechco.com\/safe-purchase-payment-policy\/?lang=en#webpage\",\"url\":\"https:\/\/betatechco.com\/safe-purchase-payment-policy\/?lang=en\",\"name\":\"Safe purchase & payment policy - Beta Technology\",\"isPartOf\":{\"@id\":\"https:\/\/betatechco.com\/#website\"},\"datePublished\":\"2021-11-19T08:11:22+00:00\",\"dateModified\":\"2021-11-19T08:11:22+00:00\",\"breadcrumb\":{\"@id\":\"https:\/\/betatechco.com\/safe-purchase-payment-policy\/?lang=en#breadcrumb\"},\"inLanguage\":\"en-US\",\"potentialAction\":[{\"@type\":\"ReadAction\",\"target\":[\"https:\/\/betatechco.com\/safe-purchase-payment-policy\/?lang=en\"]}]},{\"@type\":\"BreadcrumbList\",\"@id\":\"https:\/\/betatechco.com\/safe-purchase-payment-policy\/?lang=en#breadcrumb\",\"itemListElement\":[{\"@type\":\"ListItem\",\"position\":1,\"name\":\"Home\",\"item\":\"https:\/\/betatechco.com\/en\/\"},{\"@type\":\"ListItem\",\"position\":2,\"name\":\"Safe purchase &#038; payment policy\"}]}]}<\/script>\n<!-- \/ Yoast SEO plugin. -->","yoast_head_json":{"title":"Safe purchase & payment policy - Beta Technology","robots":{"index":"index","follow":"follow","max-snippet":"max-snippet:-1","max-image-preview":"max-image-preview:large","max-video-preview":"max-video-preview:-1"},"canonical":"https:\/\/betatechco.com\/en\/safe-purchase-payment-policy\/?lang=en","og_locale":"en_US","og_type":"article","og_title":"Safe purchase & payment policy - Beta Technology","og_description":"CH\u00cdNH S\u00c1CH MUA H\u00c0NG AN TO\u00c0N T\u1ea0I BETA TECHNOLOGY C\u00f4ng ty\u00a0TNHH\u00a0BETA TECHNOLOGY\u00a0xin ch\u00e2n th\u00e0nh c\u1ea3m \u01a1n Kh\u00e1ch h\u00e0ng \u0111\u00e3 tin c\u1eady v\u00e0 s\u1eed d\u1ee5ng nh\u1eefng s\u1ea3n ph\u1ea9m thi\u1ebft b\u1ecb ph\u00e2n t\u00edch th\u00ed nghi\u1ec7m, d\u1ecbch v\u1ee5 do BETA cung c\u1ea5p. BETA cam k\u1ebft ho\u1ea1t \u0111\u1ed9ng th\u01b0\u01a1ng m\u1ea1i \u0111i\u1ec7n t\u1eed theo \u0111\u00fang quy \u0111\u1ecbnh c\u1ee7a ph\u00e1p lu\u1eadt,","og_url":"https:\/\/betatechco.com\/safe-purchase-payment-policy\/?lang=en","og_site_name":"Beta Technology","twitter_card":"summary_large_image","twitter_misc":{"Est. reading time":"2 minutes"},"schema":{"@context":"https:\/\/schema.org","@graph":[{"@type":"WebSite","@id":"https:\/\/betatechco.com\/#website","url":"https:\/\/betatechco.com\/","name":"Beta Technology","description":"Chuy\u00ean cung c\u1ea5p c\u00e1c thi\u1ebft b\u1ecb ph\u00e2n t\u00edch th\u00ed nghi\u1ec7m","potentialAction":[{"@type":"SearchAction","target":{"@type":"EntryPoint","urlTemplate":"https:\/\/betatechco.com\/?s={search_term_string}"},"query-input":"required name=search_term_string"}],"inLanguage":"en-US"},{"@type":"WebPage","@id":"https:\/\/betatechco.com\/safe-purchase-payment-policy\/?lang=en#webpage","url":"https:\/\/betatechco.com\/safe-purchase-payment-policy\/?lang=en","name":"Safe purchase & payment policy - Beta Technology","isPartOf":{"@id":"https:\/\/betatechco.com\/#website"},"datePublished":"2021-11-19T08:11:22+00:00","dateModified":"2021-11-19T08:11:22+00:00","breadcrumb":{"@id":"https:\/\/betatechco.com\/safe-purchase-payment-policy\/?lang=en#breadcrumb"},"inLanguage":"en-US","potentialAction":[{"@type":"ReadAction","target":["https:\/\/betatechco.com\/safe-purchase-payment-policy\/?lang=en"]}]},{"@type":"BreadcrumbList","@id":"https:\/\/betatechco.com\/safe-purchase-payment-policy\/?lang=en#breadcrumb","itemListElement":[{"@type":"ListItem","position":1,"name":"Home","item":"https:\/\/betatechco.com\/en\/"},{"@type":"ListItem","position":2,"name":"Safe purchase &#038; payment policy"}]}]}},"_links":{"self":[{"href":"https:\/\/betatechco.com\/en\/wp-json\/wp\/v2\/pages\/2789"}],"collection":[{"href":"https:\/\/betatechco.com\/en\/wp-json\/wp\/v2\/pages"}],"about":[{"href":"https:\/\/betatechco.com\/en\/wp-json\/wp\/v2\/types\/page"}],"author":[{"embeddable":true,"href":"https:\/\/betatechco.com\/en\/wp-json\/wp\/v2\/users\/1"}],"replies":[{"embeddable":true,"href":"https:\/\/betatechco.com\/en\/wp-json\/wp\/v2\/comments?post=2789"}],"version-history":[{"count":2,"href":"https:\/\/betatechco.com\/en\/wp-json\/wp\/v2\/pages\/2789\/revisions"}],"predecessor-version":[{"id":3019,"href":"https:\/\/betatechco.com\/en\/wp-json\/wp\/v2\/pages\/2789\/revisions\/3019"}],"wp:attachment":[{"href":"https:\/\/betatechco.com\/en\/wp-json\/wp\/v2\/media?parent=2789"}],"curies":[{"name":"wp","href":"https:\/\/api.w.org\/{rel}","templated":true}]}}